{"id":1536,"date":"2021-04-23T23:01:10","date_gmt":"2021-04-23T21:01:10","guid":{"rendered":"http:\/\/punktwsieci.pl\/?page_id=1536"},"modified":"2021-04-25T00:59:00","modified_gmt":"2021-04-24T22:59:00","slug":"zapraszam-do-newslettera","status":"publish","type":"page","link":"https:\/\/punktwsieci.pl\/index.php\/zapraszam-do-newslettera\/","title":{"rendered":"Zapraszam do newslettera"},"content":{"rendered":"\n<div class=\"wp-block-columns is-layout-flex wp-container-core-columns-is-layout-9d6595d7 wp-block-columns-is-layout-flex\">\n<div class=\"wp-block-column is-layout-flow wp-block-column-is-layout-flow\" style=\"flex-basis:100%\">\n<div class=\"wp-block-columns is-layout-flex wp-container-core-columns-is-layout-9d6595d7 wp-block-columns-is-layout-flex\">\n<div class=\"wp-block-column is-layout-flow wp-block-column-is-layout-flow\">\n<div class=\"wp-block-columns is-layout-flex wp-container-core-columns-is-layout-9d6595d7 wp-block-columns-is-layout-flex\">\n<div class=\"wp-block-column is-layout-flow wp-block-column-is-layout-flow\" style=\"flex-basis:33.33%\">\n<figure class=\"wp-block-image is-resized\"><img loading=\"lazy\" decoding=\"async\" src=\"http:\/\/punktwsieci.pl\/wp-content\/uploads\/2021\/04\/modern-microphone-1-edited-1-e1619212286195.jpg\" alt=\"\" class=\"wp-image-1540\" width=\"217\" height=\"363\" srcset=\"https:\/\/punktwsieci.pl\/wp-content\/uploads\/2021\/04\/modern-microphone-1-edited-1-e1619212286195.jpg 914w, https:\/\/punktwsieci.pl\/wp-content\/uploads\/2021\/04\/modern-microphone-1-edited-1-e1619212286195-179x300.jpg 179w, https:\/\/punktwsieci.pl\/wp-content\/uploads\/2021\/04\/modern-microphone-1-edited-1-e1619212286195-612x1024.jpg 612w, https:\/\/punktwsieci.pl\/wp-content\/uploads\/2021\/04\/modern-microphone-1-edited-1-e1619212286195-768x1286.jpg 768w\" sizes=\"auto, (max-width: 217px) 100vw, 217px\" \/><\/figure>\n<\/div>\n\n\n\n<div class=\"wp-block-column is-layout-flow wp-block-column-is-layout-flow\" style=\"flex-basis:66.66%\">\n<div style=\"padding:20px\" class=\"wp-block-tnp-minimal\"><p>Prosz\u0119 zapisz si\u0119 by dostawa\u0107 powiadomienie o nowych tre\u015bciach pojawiaj\u0105cych si\u0119 na stronie. Ja te\u017c nie lubi\u0119 zostawia\u0107 nigdzie swojego adresu, ale jak inaczej mog\u0119 Ci\u0119 powiadomi\u0107 o tym, \u017ce co\u015b nowego tu umie\u015bci\u0142em ?<\/p><div><div class=\"tnp tnp-subscription\">\n<form method=\"post\" action=\"https:\/\/punktwsieci.pl\/?na=s\">\n\n<input type=\"hidden\" name=\"nlang\" value=\"\"><div class=\"tnp-field tnp-field-firstname\"><label for=\"tnp-1\">Imi\u0119 lub Imi\u0119 i Nazwisko<\/label>\n<input class=\"tnp-name\" type=\"text\" name=\"nn\" id=\"tnp-1\" value=\"\"><\/div>\n<div class=\"tnp-field tnp-field-email\"><label for=\"tnp-2\">Email<\/label>\n<input class=\"tnp-email\" type=\"email\" name=\"ne\" id=\"tnp-2\" value=\"\" required><\/div>\n<div class=\"tnp-field tnp-field-button\"><input class=\"tnp-submit\" type=\"submit\" value=\"Zapisz si\u0119\" style=\"background-color:undefined\">\n<\/div>\n<\/form>\n<\/div>\n<\/div><\/div>\n<\/div>\n<\/div>\n<\/div>\n<\/div>\n<\/div>\n<\/div>\n","protected":false},"excerpt":{"rendered":"","protected":false},"author":1,"featured_media":0,"parent":0,"menu_order":0,"comment_status":"closed","ping_status":"closed","template":"","meta":{"footnotes":""},"class_list":["post-1536","page","type-page","status-publish","hentry"],"yoast_head":"<!-- This site is optimized with the Yoast SEO plugin v22.0 - https:\/\/yoast.com\/wordpress\/plugins\/seo\/ -->\n<title>Zapraszam do newslettera &#187; Strona Tutejszego<\/title>\n<meta name=\"robots\" content=\"index, follow, max-snippet:-1, max-image-preview:large, max-video-preview:-1\" \/>\n<link rel=\"canonical\" href=\"https:\/\/punktwsieci.pl\/index.php\/zapraszam-do-newslettera\/\" \/>\n<meta property=\"og:locale\" content=\"pl_PL\" \/>\n<meta property=\"og:type\" content=\"article\" \/>\n<meta property=\"og:title\" content=\"Zapraszam do newslettera &#187; Strona Tutejszego\" \/>\n<meta property=\"og:url\" content=\"https:\/\/punktwsieci.pl\/index.php\/zapraszam-do-newslettera\/\" \/>\n<meta property=\"og:site_name\" content=\"Strona Tutejszego\" \/>\n<meta property=\"article:modified_time\" content=\"2021-04-24T22:59:00+00:00\" \/>\n<meta property=\"og:image\" content=\"http:\/\/punktwsieci.pl\/wp-content\/uploads\/2021\/04\/modern-microphone-1-edited-1-e1619212286195.jpg\" \/>\n<meta name=\"twitter:card\" content=\"summary_large_image\" \/>\n<meta name=\"twitter:label1\" content=\"Szacowany czas czytania\" \/>\n\t<meta name=\"twitter:data1\" content=\"1 minuta\" \/>\n<script type=\"application\/ld+json\" class=\"yoast-schema-graph\">{\"@context\":\"https:\/\/schema.org\",\"@graph\":[{\"@type\":\"WebPage\",\"@id\":\"https:\/\/punktwsieci.pl\/index.php\/zapraszam-do-newslettera\/\",\"url\":\"https:\/\/punktwsieci.pl\/index.php\/zapraszam-do-newslettera\/\",\"name\":\"Zapraszam do newslettera &#187; Strona Tutejszego\",\"isPartOf\":{\"@id\":\"https:\/\/punktwsieci.pl\/#website\"},\"datePublished\":\"2021-04-23T21:01:10+00:00\",\"dateModified\":\"2021-04-24T22:59:00+00:00\",\"breadcrumb\":{\"@id\":\"https:\/\/punktwsieci.pl\/index.php\/zapraszam-do-newslettera\/#breadcrumb\"},\"inLanguage\":\"pl-PL\",\"potentialAction\":[{\"@type\":\"ReadAction\",\"target\":[\"https:\/\/punktwsieci.pl\/index.php\/zapraszam-do-newslettera\/\"]}]},{\"@type\":\"BreadcrumbList\",\"@id\":\"https:\/\/punktwsieci.pl\/index.php\/zapraszam-do-newslettera\/#breadcrumb\",\"itemListElement\":[{\"@type\":\"ListItem\",\"position\":1,\"name\":\"Strona g\u0142\u00f3wna\",\"item\":\"https:\/\/punktwsieci.pl\/\"},{\"@type\":\"ListItem\",\"position\":2,\"name\":\"Zapraszam do newslettera\"}]},{\"@type\":\"WebSite\",\"@id\":\"https:\/\/punktwsieci.pl\/#website\",\"url\":\"https:\/\/punktwsieci.pl\/\",\"name\":\"Strona Tutejszego\",\"description\":\"M\u00f3j punkt w sieci\",\"publisher\":{\"@id\":\"https:\/\/punktwsieci.pl\/#\/schema\/person\/ff2dc514bf0bfc6ab36603983e987105\"},\"potentialAction\":[{\"@type\":\"SearchAction\",\"target\":{\"@type\":\"EntryPoint\",\"urlTemplate\":\"https:\/\/punktwsieci.pl\/?s={search_term_string}\"},\"query-input\":\"required name=search_term_string\"}],\"inLanguage\":\"pl-PL\"},{\"@type\":[\"Person\",\"Organization\"],\"@id\":\"https:\/\/punktwsieci.pl\/#\/schema\/person\/ff2dc514bf0bfc6ab36603983e987105\",\"name\":\"Krzysztof K\u0119dzierski\",\"image\":{\"@type\":\"ImageObject\",\"inLanguage\":\"pl-PL\",\"@id\":\"https:\/\/punktwsieci.pl\/#\/schema\/person\/image\/\",\"url\":\"https:\/\/secure.gravatar.com\/avatar\/8db9cc81a4108613dd133ba1ab9555882d450923251aadaeaf1211ff67d19c23?s=96&d=mm&r=g\",\"contentUrl\":\"https:\/\/secure.gravatar.com\/avatar\/8db9cc81a4108613dd133ba1ab9555882d450923251aadaeaf1211ff67d19c23?s=96&d=mm&r=g\",\"caption\":\"Krzysztof K\u0119dzierski\"},\"logo\":{\"@id\":\"https:\/\/punktwsieci.pl\/#\/schema\/person\/image\/\"},\"sameAs\":[\"http:\/\/punktwsieci.pl\"]}]}<\/script>\n<!-- \/ Yoast SEO plugin. -->","yoast_head_json":{"title":"Zapraszam do newslettera &#187; Strona Tutejszego","robots":{"index":"index","follow":"follow","max-snippet":"max-snippet:-1","max-image-preview":"max-image-preview:large","max-video-preview":"max-video-preview:-1"},"canonical":"https:\/\/punktwsieci.pl\/index.php\/zapraszam-do-newslettera\/","og_locale":"pl_PL","og_type":"article","og_title":"Zapraszam do newslettera &#187; Strona Tutejszego","og_url":"https:\/\/punktwsieci.pl\/index.php\/zapraszam-do-newslettera\/","og_site_name":"Strona Tutejszego","article_modified_time":"2021-04-24T22:59:00+00:00","og_image":[{"url":"http:\/\/punktwsieci.pl\/wp-content\/uploads\/2021\/04\/modern-microphone-1-edited-1-e1619212286195.jpg"}],"twitter_card":"summary_large_image","twitter_misc":{"Szacowany czas czytania":"1 minuta"},"schema":{"@context":"https:\/\/schema.org","@graph":[{"@type":"WebPage","@id":"https:\/\/punktwsieci.pl\/index.php\/zapraszam-do-newslettera\/","url":"https:\/\/punktwsieci.pl\/index.php\/zapraszam-do-newslettera\/","name":"Zapraszam do newslettera &#187; Strona Tutejszego","isPartOf":{"@id":"https:\/\/punktwsieci.pl\/#website"},"datePublished":"2021-04-23T21:01:10+00:00","dateModified":"2021-04-24T22:59:00+00:00","breadcrumb":{"@id":"https:\/\/punktwsieci.pl\/index.php\/zapraszam-do-newslettera\/#breadcrumb"},"inLanguage":"pl-PL","potentialAction":[{"@type":"ReadAction","target":["https:\/\/punktwsieci.pl\/index.php\/zapraszam-do-newslettera\/"]}]},{"@type":"BreadcrumbList","@id":"https:\/\/punktwsieci.pl\/index.php\/zapraszam-do-newslettera\/#breadcrumb","itemListElement":[{"@type":"ListItem","position":1,"name":"Strona g\u0142\u00f3wna","item":"https:\/\/punktwsieci.pl\/"},{"@type":"ListItem","position":2,"name":"Zapraszam do newslettera"}]},{"@type":"WebSite","@id":"https:\/\/punktwsieci.pl\/#website","url":"https:\/\/punktwsieci.pl\/","name":"Strona Tutejszego","description":"M\u00f3j punkt w sieci","publisher":{"@id":"https:\/\/punktwsieci.pl\/#\/schema\/person\/ff2dc514bf0bfc6ab36603983e987105"},"potentialAction":[{"@type":"SearchAction","target":{"@type":"EntryPoint","urlTemplate":"https:\/\/punktwsieci.pl\/?s={search_term_string}"},"query-input":"required name=search_term_string"}],"inLanguage":"pl-PL"},{"@type":["Person","Organization"],"@id":"https:\/\/punktwsieci.pl\/#\/schema\/person\/ff2dc514bf0bfc6ab36603983e987105","name":"Krzysztof K\u0119dzierski","image":{"@type":"ImageObject","inLanguage":"pl-PL","@id":"https:\/\/punktwsieci.pl\/#\/schema\/person\/image\/","url":"https:\/\/secure.gravatar.com\/avatar\/8db9cc81a4108613dd133ba1ab9555882d450923251aadaeaf1211ff67d19c23?s=96&d=mm&r=g","contentUrl":"https:\/\/secure.gravatar.com\/avatar\/8db9cc81a4108613dd133ba1ab9555882d450923251aadaeaf1211ff67d19c23?s=96&d=mm&r=g","caption":"Krzysztof K\u0119dzierski"},"logo":{"@id":"https:\/\/punktwsieci.pl\/#\/schema\/person\/image\/"},"sameAs":["http:\/\/punktwsieci.pl"]}]}},"_links":{"self":[{"href":"https:\/\/punktwsieci.pl\/index.php\/wp-json\/wp\/v2\/pages\/1536","targetHints":{"allow":["GET"]}}],"collection":[{"href":"https:\/\/punktwsieci.pl\/index.php\/wp-json\/wp\/v2\/pages"}],"about":[{"href":"https:\/\/punktwsieci.pl\/index.php\/wp-json\/wp\/v2\/types\/page"}],"author":[{"embeddable":true,"href":"https:\/\/punktwsieci.pl\/index.php\/wp-json\/wp\/v2\/users\/1"}],"replies":[{"embeddable":true,"href":"https:\/\/punktwsieci.pl\/index.php\/wp-json\/wp\/v2\/comments?post=1536"}],"version-history":[{"count":5,"href":"https:\/\/punktwsieci.pl\/index.php\/wp-json\/wp\/v2\/pages\/1536\/revisions"}],"predecessor-version":[{"id":1552,"href":"https:\/\/punktwsieci.pl\/index.php\/wp-json\/wp\/v2\/pages\/1536\/revisions\/1552"}],"wp:attachment":[{"href":"https:\/\/punktwsieci.pl\/index.php\/wp-json\/wp\/v2\/media?parent=1536"}],"curies":[{"name":"wp","href":"https:\/\/api.w.org\/{rel}","templated":true}]}}