{"id":2211,"date":"2021-12-12T00:14:42","date_gmt":"2021-12-11T23:14:42","guid":{"rendered":"http:\/\/punktwsieci.pl\/?page_id=2211"},"modified":"2021-12-12T00:46:19","modified_gmt":"2021-12-11T23:46:19","slug":"panoramy-360-2","status":"publish","type":"page","link":"https:\/\/punktwsieci.pl\/index.php\/panoramy-360-2\/","title":{"rendered":"Panoramy 360"},"content":{"rendered":"\n<p>Linki do mojego zak\u0105tka z panoramami 360, pouk\u0142adane tematycznie by unikn\u0105\u0107 niepotrzebnie d\u0142ugiej listy&#8230;<\/p>\n\n\n\n<p>Serio .. wychodzi \u017ce troszk\u0119 tego nastrzela\u0142em \ud83d\ude42<\/p>\n\n\n\n<div class=\"wp-block-columns is-layout-flex wp-container-core-columns-is-layout-9d6595d7 wp-block-columns-is-layout-flex\">\n<div class=\"wp-block-column is-layout-flow wp-block-column-is-layout-flow\">\n<figure class=\"wp-block-image size-full\"><a href=\"http:\/\/punktwsieci.pl\/index.php\/pnaoramy-360-warszawa-i-okolice\/\"><img loading=\"lazy\" decoding=\"async\" width=\"800\" height=\"444\" src=\"http:\/\/punktwsieci.pl\/wp-content\/uploads\/2021\/12\/warszawa_i_okolice.jpg\" alt=\"\" class=\"wp-image-2219\" srcset=\"https:\/\/punktwsieci.pl\/wp-content\/uploads\/2021\/12\/warszawa_i_okolice.jpg 800w, https:\/\/punktwsieci.pl\/wp-content\/uploads\/2021\/12\/warszawa_i_okolice-300x167.jpg 300w, https:\/\/punktwsieci.pl\/wp-content\/uploads\/2021\/12\/warszawa_i_okolice-768x426.jpg 768w\" sizes=\"auto, (max-width: 800px) 100vw, 800px\" \/><\/a><figcaption>Warszawa i okolice<\/figcaption><\/figure>\n<\/div>\n\n\n\n<div class=\"wp-block-column is-layout-flow wp-block-column-is-layout-flow\">\n<figure class=\"wp-block-image size-full\"><a href=\"http:\/\/punktwsieci.pl\/index.php\/panoramy-360-pieniny\/\"><img loading=\"lazy\" decoding=\"async\" width=\"800\" height=\"445\" src=\"http:\/\/punktwsieci.pl\/wp-content\/uploads\/2021\/12\/pieniny.jpg\" alt=\"\" class=\"wp-image-2218\" srcset=\"https:\/\/punktwsieci.pl\/wp-content\/uploads\/2021\/12\/pieniny.jpg 800w, https:\/\/punktwsieci.pl\/wp-content\/uploads\/2021\/12\/pieniny-300x167.jpg 300w, https:\/\/punktwsieci.pl\/wp-content\/uploads\/2021\/12\/pieniny-768x427.jpg 768w\" sizes=\"auto, (max-width: 800px) 100vw, 800px\" \/><\/a><figcaption>Pieniny<\/figcaption><\/figure>\n<\/div>\n<\/div>\n","protected":false},"excerpt":{"rendered":"<p>Linki do mojego zak\u0105tka z panoramami 360, pouk\u0142adane tematycznie by unikn\u0105\u0107 niepotrzebnie d\u0142ugiej listy&#8230; Serio .. wychodzi \u017ce troszk\u0119 tego nastrzela\u0142em \ud83d\ude42<\/p>\n","protected":false},"author":2,"featured_media":0,"parent":0,"menu_order":0,"comment_status":"closed","ping_status":"closed","template":"","meta":{"footnotes":""},"class_list":["post-2211","page","type-page","status-publish","hentry"],"yoast_head":"<!-- This site is optimized with the Yoast SEO plugin v22.0 - https:\/\/yoast.com\/wordpress\/plugins\/seo\/ -->\n<title>Panoramy 360 &#187; Strona Tutejszego<\/title>\n<meta name=\"robots\" content=\"index, follow, max-snippet:-1, max-image-preview:large, max-video-preview:-1\" \/>\n<link rel=\"canonical\" href=\"https:\/\/punktwsieci.pl\/index.php\/panoramy-360-2\/\" \/>\n<meta property=\"og:locale\" content=\"pl_PL\" \/>\n<meta property=\"og:type\" content=\"article\" \/>\n<meta property=\"og:title\" content=\"Panoramy 360 &#187; Strona Tutejszego\" \/>\n<meta property=\"og:description\" content=\"Linki do mojego zak\u0105tka z panoramami 360, pouk\u0142adane tematycznie by unikn\u0105\u0107 niepotrzebnie d\u0142ugiej listy&#8230; Serio .. wychodzi \u017ce troszk\u0119 tego nastrzela\u0142em \ud83d\ude42\" \/>\n<meta property=\"og:url\" content=\"https:\/\/punktwsieci.pl\/index.php\/panoramy-360-2\/\" \/>\n<meta property=\"og:site_name\" content=\"Strona Tutejszego\" \/>\n<meta property=\"article:modified_time\" content=\"2021-12-11T23:46:19+00:00\" \/>\n<meta property=\"og:image\" content=\"http:\/\/punktwsieci.pl\/wp-content\/uploads\/2021\/12\/warszawa_i_okolice.jpg\" \/>\n<meta name=\"twitter:card\" content=\"summary_large_image\" \/>\n<meta name=\"twitter:label1\" content=\"Szacowany czas czytania\" \/>\n\t<meta name=\"twitter:data1\" content=\"1 minuta\" \/>\n<script type=\"application\/ld+json\" class=\"yoast-schema-graph\">{\"@context\":\"https:\/\/schema.org\",\"@graph\":[{\"@type\":\"WebPage\",\"@id\":\"https:\/\/punktwsieci.pl\/index.php\/panoramy-360-2\/\",\"url\":\"https:\/\/punktwsieci.pl\/index.php\/panoramy-360-2\/\",\"name\":\"Panoramy 360 &#187; Strona Tutejszego\",\"isPartOf\":{\"@id\":\"https:\/\/punktwsieci.pl\/#website\"},\"datePublished\":\"2021-12-11T23:14:42+00:00\",\"dateModified\":\"2021-12-11T23:46:19+00:00\",\"breadcrumb\":{\"@id\":\"https:\/\/punktwsieci.pl\/index.php\/panoramy-360-2\/#breadcrumb\"},\"inLanguage\":\"pl-PL\",\"potentialAction\":[{\"@type\":\"ReadAction\",\"target\":[\"https:\/\/punktwsieci.pl\/index.php\/panoramy-360-2\/\"]}]},{\"@type\":\"BreadcrumbList\",\"@id\":\"https:\/\/punktwsieci.pl\/index.php\/panoramy-360-2\/#breadcrumb\",\"itemListElement\":[{\"@type\":\"ListItem\",\"position\":1,\"name\":\"Strona g\u0142\u00f3wna\",\"item\":\"https:\/\/punktwsieci.pl\/\"},{\"@type\":\"ListItem\",\"position\":2,\"name\":\"Panoramy 360\"}]},{\"@type\":\"WebSite\",\"@id\":\"https:\/\/punktwsieci.pl\/#website\",\"url\":\"https:\/\/punktwsieci.pl\/\",\"name\":\"Strona Tutejszego\",\"description\":\"M\u00f3j punkt w sieci\",\"publisher\":{\"@id\":\"https:\/\/punktwsieci.pl\/#\/schema\/person\/ff2dc514bf0bfc6ab36603983e987105\"},\"potentialAction\":[{\"@type\":\"SearchAction\",\"target\":{\"@type\":\"EntryPoint\",\"urlTemplate\":\"https:\/\/punktwsieci.pl\/?s={search_term_string}\"},\"query-input\":\"required name=search_term_string\"}],\"inLanguage\":\"pl-PL\"},{\"@type\":[\"Person\",\"Organization\"],\"@id\":\"https:\/\/punktwsieci.pl\/#\/schema\/person\/ff2dc514bf0bfc6ab36603983e987105\",\"name\":\"Krzysztof K\u0119dzierski\",\"image\":{\"@type\":\"ImageObject\",\"inLanguage\":\"pl-PL\",\"@id\":\"https:\/\/punktwsieci.pl\/#\/schema\/person\/image\/\",\"url\":\"https:\/\/secure.gravatar.com\/avatar\/8db9cc81a4108613dd133ba1ab9555882d450923251aadaeaf1211ff67d19c23?s=96&d=mm&r=g\",\"contentUrl\":\"https:\/\/secure.gravatar.com\/avatar\/8db9cc81a4108613dd133ba1ab9555882d450923251aadaeaf1211ff67d19c23?s=96&d=mm&r=g\",\"caption\":\"Krzysztof K\u0119dzierski\"},\"logo\":{\"@id\":\"https:\/\/punktwsieci.pl\/#\/schema\/person\/image\/\"},\"sameAs\":[\"http:\/\/punktwsieci.pl\"]}]}<\/script>\n<!-- \/ Yoast SEO plugin. -->","yoast_head_json":{"title":"Panoramy 360 &#187; Strona Tutejszego","robots":{"index":"index","follow":"follow","max-snippet":"max-snippet:-1","max-image-preview":"max-image-preview:large","max-video-preview":"max-video-preview:-1"},"canonical":"https:\/\/punktwsieci.pl\/index.php\/panoramy-360-2\/","og_locale":"pl_PL","og_type":"article","og_title":"Panoramy 360 &#187; Strona Tutejszego","og_description":"Linki do mojego zak\u0105tka z panoramami 360, pouk\u0142adane tematycznie by unikn\u0105\u0107 niepotrzebnie d\u0142ugiej listy&#8230; Serio .. wychodzi \u017ce troszk\u0119 tego nastrzela\u0142em \ud83d\ude42","og_url":"https:\/\/punktwsieci.pl\/index.php\/panoramy-360-2\/","og_site_name":"Strona Tutejszego","article_modified_time":"2021-12-11T23:46:19+00:00","og_image":[{"url":"http:\/\/punktwsieci.pl\/wp-content\/uploads\/2021\/12\/warszawa_i_okolice.jpg"}],"twitter_card":"summary_large_image","twitter_misc":{"Szacowany czas czytania":"1 minuta"},"schema":{"@context":"https:\/\/schema.org","@graph":[{"@type":"WebPage","@id":"https:\/\/punktwsieci.pl\/index.php\/panoramy-360-2\/","url":"https:\/\/punktwsieci.pl\/index.php\/panoramy-360-2\/","name":"Panoramy 360 &#187; Strona Tutejszego","isPartOf":{"@id":"https:\/\/punktwsieci.pl\/#website"},"datePublished":"2021-12-11T23:14:42+00:00","dateModified":"2021-12-11T23:46:19+00:00","breadcrumb":{"@id":"https:\/\/punktwsieci.pl\/index.php\/panoramy-360-2\/#breadcrumb"},"inLanguage":"pl-PL","potentialAction":[{"@type":"ReadAction","target":["https:\/\/punktwsieci.pl\/index.php\/panoramy-360-2\/"]}]},{"@type":"BreadcrumbList","@id":"https:\/\/punktwsieci.pl\/index.php\/panoramy-360-2\/#breadcrumb","itemListElement":[{"@type":"ListItem","position":1,"name":"Strona g\u0142\u00f3wna","item":"https:\/\/punktwsieci.pl\/"},{"@type":"ListItem","position":2,"name":"Panoramy 360"}]},{"@type":"WebSite","@id":"https:\/\/punktwsieci.pl\/#website","url":"https:\/\/punktwsieci.pl\/","name":"Strona Tutejszego","description":"M\u00f3j punkt w sieci","publisher":{"@id":"https:\/\/punktwsieci.pl\/#\/schema\/person\/ff2dc514bf0bfc6ab36603983e987105"},"potentialAction":[{"@type":"SearchAction","target":{"@type":"EntryPoint","urlTemplate":"https:\/\/punktwsieci.pl\/?s={search_term_string}"},"query-input":"required name=search_term_string"}],"inLanguage":"pl-PL"},{"@type":["Person","Organization"],"@id":"https:\/\/punktwsieci.pl\/#\/schema\/person\/ff2dc514bf0bfc6ab36603983e987105","name":"Krzysztof K\u0119dzierski","image":{"@type":"ImageObject","inLanguage":"pl-PL","@id":"https:\/\/punktwsieci.pl\/#\/schema\/person\/image\/","url":"https:\/\/secure.gravatar.com\/avatar\/8db9cc81a4108613dd133ba1ab9555882d450923251aadaeaf1211ff67d19c23?s=96&d=mm&r=g","contentUrl":"https:\/\/secure.gravatar.com\/avatar\/8db9cc81a4108613dd133ba1ab9555882d450923251aadaeaf1211ff67d19c23?s=96&d=mm&r=g","caption":"Krzysztof K\u0119dzierski"},"logo":{"@id":"https:\/\/punktwsieci.pl\/#\/schema\/person\/image\/"},"sameAs":["http:\/\/punktwsieci.pl"]}]}},"_links":{"self":[{"href":"https:\/\/punktwsieci.pl\/index.php\/wp-json\/wp\/v2\/pages\/2211","targetHints":{"allow":["GET"]}}],"collection":[{"href":"https:\/\/punktwsieci.pl\/index.php\/wp-json\/wp\/v2\/pages"}],"about":[{"href":"https:\/\/punktwsieci.pl\/index.php\/wp-json\/wp\/v2\/types\/page"}],"author":[{"embeddable":true,"href":"https:\/\/punktwsieci.pl\/index.php\/wp-json\/wp\/v2\/users\/2"}],"replies":[{"embeddable":true,"href":"https:\/\/punktwsieci.pl\/index.php\/wp-json\/wp\/v2\/comments?post=2211"}],"version-history":[{"count":3,"href":"https:\/\/punktwsieci.pl\/index.php\/wp-json\/wp\/v2\/pages\/2211\/revisions"}],"predecessor-version":[{"id":2223,"href":"https:\/\/punktwsieci.pl\/index.php\/wp-json\/wp\/v2\/pages\/2211\/revisions\/2223"}],"wp:attachment":[{"href":"https:\/\/punktwsieci.pl\/index.php\/wp-json\/wp\/v2\/media?parent=2211"}],"curies":[{"name":"wp","href":"https:\/\/api.w.org\/{rel}","templated":true}]}}